{"id":9238,"date":"2019-07-09T13:10:59","date_gmt":"2019-07-09T12:10:59","guid":{"rendered":"https:\/\/marneantic.com\/?post_type=product&#038;p=9238"},"modified":"2019-10-25T14:52:30","modified_gmt":"2019-10-25T13:52:30","slug":"boite-a-cigarettes-de-poche-ancienne-en-bois-marquete","status":"publish","type":"product","link":"https:\/\/marneantic.com\/index.php\/produit\/boite-a-cigarettes-de-poche-ancienne-en-bois-marquete\/","title":{"rendered":"Boite a cigarettes de poche ancienne en bois marquet\u00e9"},"content":{"rendered":"","protected":false},"excerpt":{"rendered":"<p>Boite a cigarettes de poche ancienne en bois marquet\u00e9 de laiton,d\u00e9cor v\u00e9g\u00e9tal,peut contenir 5 cigarettes,en tr\u00e8s bon \u00e9tat,longueur:11.5cm,largeur:7cm,hauteur:1.5cm<\/p>\n","protected":false},"featured_media":9241,"comment_status":"closed","ping_status":"closed","template":"","meta":{"_et_pb_use_builder":"","_et_pb_old_content":"","_et_gb_content_width":""},"product_cat":[14],"product_tag":[],"_links":{"self":[{"href":"https:\/\/marneantic.com\/index.php\/wp-json\/wp\/v2\/product\/9238"}],"collection":[{"href":"https:\/\/marneantic.com\/index.php\/wp-json\/wp\/v2\/product"}],"about":[{"href":"https:\/\/marneantic.com\/index.php\/wp-json\/wp\/v2\/types\/product"}],"replies":[{"embeddable":true,"href":"https:\/\/marneantic.com\/index.php\/wp-json\/wp\/v2\/comments?post=9238"}],"wp:featuredmedia":[{"embeddable":true,"href":"https:\/\/marneantic.com\/index.php\/wp-json\/wp\/v2\/media\/9241"}],"wp:attachment":[{"href":"https:\/\/marneantic.com\/index.php\/wp-json\/wp\/v2\/media?parent=9238"}],"wp:term":[{"taxonomy":"product_cat","embeddable":true,"href":"https:\/\/marneantic.com\/index.php\/wp-json\/wp\/v2\/product_cat?post=9238"},{"taxonomy":"product_tag","embeddable":true,"href":"https:\/\/marneantic.com\/index.php\/wp-json\/wp\/v2\/product_tag?post=9238"}],"curies":[{"name":"wp","href":"https:\/\/api.w.org\/{rel}","templated":true}]}}