{"id":9369,"date":"2019-08-07T13:28:59","date_gmt":"2019-08-07T12:28:59","guid":{"rendered":"https:\/\/marneantic.com\/?post_type=product&#038;p=9369"},"modified":"2019-08-07T13:35:19","modified_gmt":"2019-08-07T12:35:19","slug":"timbale-ancienne-en-metal-argente-2","status":"publish","type":"product","link":"https:\/\/marneantic.com\/index.php\/produit\/timbale-ancienne-en-metal-argente-2\/","title":{"rendered":"Timbale ancienne en m\u00e9tal argent\u00e9"},"content":{"rendered":"","protected":false},"excerpt":{"rendered":"<p>Timbale ancienne en m\u00e9tal argent\u00e9 poin\u00e7onn\u00e9,orf\u00e8vre T.H HENRY fin 19eme,en bon \u00e9tat(2 petites bosses au niveau de la repose),hauteur:8cm,diametre:7.7cm<\/p>\n","protected":false},"featured_media":9372,"comment_status":"closed","ping_status":"closed","template":"","meta":{"_et_pb_use_builder":"","_et_pb_old_content":"","_et_gb_content_width":""},"product_cat":[13,12,10],"product_tag":[],"_links":{"self":[{"href":"https:\/\/marneantic.com\/index.php\/wp-json\/wp\/v2\/product\/9369"}],"collection":[{"href":"https:\/\/marneantic.com\/index.php\/wp-json\/wp\/v2\/product"}],"about":[{"href":"https:\/\/marneantic.com\/index.php\/wp-json\/wp\/v2\/types\/product"}],"replies":[{"embeddable":true,"href":"https:\/\/marneantic.com\/index.php\/wp-json\/wp\/v2\/comments?post=9369"}],"wp:featuredmedia":[{"embeddable":true,"href":"https:\/\/marneantic.com\/index.php\/wp-json\/wp\/v2\/media\/9372"}],"wp:attachment":[{"href":"https:\/\/marneantic.com\/index.php\/wp-json\/wp\/v2\/media?parent=9369"}],"wp:term":[{"taxonomy":"product_cat","embeddable":true,"href":"https:\/\/marneantic.com\/index.php\/wp-json\/wp\/v2\/product_cat?post=9369"},{"taxonomy":"product_tag","embeddable":true,"href":"https:\/\/marneantic.com\/index.php\/wp-json\/wp\/v2\/product_tag?post=9369"}],"curies":[{"name":"wp","href":"https:\/\/api.w.org\/{rel}","templated":true}]}}