{"id":9573,"date":"2019-09-23T15:13:46","date_gmt":"2019-09-23T14:13:46","guid":{"rendered":"https:\/\/marneantic.com\/?post_type=product&#038;p=9573"},"modified":"2021-02-09T14:29:16","modified_gmt":"2021-02-09T13:29:16","slug":"coupe-a-champagne-ancienne-en-cristal-taille","status":"publish","type":"product","link":"https:\/\/marneantic.com\/index.php\/produit\/coupe-a-champagne-ancienne-en-cristal-taille\/","title":{"rendered":"Coupe a champagne ancienne en cristal taill\u00e9"},"content":{"rendered":"","protected":false},"excerpt":{"rendered":"<p>Coupe a champagne ancienne en cristal taill\u00e9,d\u00e9but 20eme,en tr\u00e8s bon \u00e9tat,hauteur:10.3cm,diam\u00e8tre du buvant:8.6cm,diam\u00e8tre du pied:6.6cm<\/p>\n","protected":false},"featured_media":9576,"comment_status":"closed","ping_status":"closed","template":"","meta":{"_et_pb_use_builder":"","_et_pb_old_content":"","_et_gb_content_width":""},"product_cat":[10,11],"product_tag":[],"_links":{"self":[{"href":"https:\/\/marneantic.com\/index.php\/wp-json\/wp\/v2\/product\/9573"}],"collection":[{"href":"https:\/\/marneantic.com\/index.php\/wp-json\/wp\/v2\/product"}],"about":[{"href":"https:\/\/marneantic.com\/index.php\/wp-json\/wp\/v2\/types\/product"}],"replies":[{"embeddable":true,"href":"https:\/\/marneantic.com\/index.php\/wp-json\/wp\/v2\/comments?post=9573"}],"wp:featuredmedia":[{"embeddable":true,"href":"https:\/\/marneantic.com\/index.php\/wp-json\/wp\/v2\/media\/9576"}],"wp:attachment":[{"href":"https:\/\/marneantic.com\/index.php\/wp-json\/wp\/v2\/media?parent=9573"}],"wp:term":[{"taxonomy":"product_cat","embeddable":true,"href":"https:\/\/marneantic.com\/index.php\/wp-json\/wp\/v2\/product_cat?post=9573"},{"taxonomy":"product_tag","embeddable":true,"href":"https:\/\/marneantic.com\/index.php\/wp-json\/wp\/v2\/product_tag?post=9573"}],"curies":[{"name":"wp","href":"https:\/\/api.w.org\/{rel}","templated":true}]}}