{"id":9577,"date":"2019-09-23T15:53:02","date_gmt":"2019-09-23T14:53:02","guid":{"rendered":"https:\/\/marneantic.com\/?post_type=product&#038;p=9577"},"modified":"2019-09-23T16:03:01","modified_gmt":"2019-09-23T15:03:01","slug":"verre-a-liqueur-ancien-en-cristal","status":"publish","type":"product","link":"https:\/\/marneantic.com\/index.php\/produit\/verre-a-liqueur-ancien-en-cristal\/","title":{"rendered":"Verre \u00e0 liqueur ancien en cristal"},"content":{"rendered":"","protected":false},"excerpt":{"rendered":"<table style=\"height: 9px;\" width=\"1030\" align=\"center\">\n<tbody>\n<tr>\n<td>\n<div id=\"ds_div\">Verre \u00e0 liqueur ancien,vers 1960 dans le gout de Daum en cristal,en tr\u00e8s bon \u00e9tat,hauteur:6cm,diam\u00e8tre du buvant:46cm,estampill\u00e9\u00a0\u00bbcristal France\u00a0\u00bb<\/div>\n<\/td>\n<\/tr>\n<\/tbody>\n<\/table>\n","protected":false},"featured_media":9579,"comment_status":"closed","ping_status":"closed","template":"","meta":{"_et_pb_use_builder":"","_et_pb_old_content":"","_et_gb_content_width":""},"product_cat":[10,11],"product_tag":[],"_links":{"self":[{"href":"https:\/\/marneantic.com\/index.php\/wp-json\/wp\/v2\/product\/9577"}],"collection":[{"href":"https:\/\/marneantic.com\/index.php\/wp-json\/wp\/v2\/product"}],"about":[{"href":"https:\/\/marneantic.com\/index.php\/wp-json\/wp\/v2\/types\/product"}],"replies":[{"embeddable":true,"href":"https:\/\/marneantic.com\/index.php\/wp-json\/wp\/v2\/comments?post=9577"}],"wp:featuredmedia":[{"embeddable":true,"href":"https:\/\/marneantic.com\/index.php\/wp-json\/wp\/v2\/media\/9579"}],"wp:attachment":[{"href":"https:\/\/marneantic.com\/index.php\/wp-json\/wp\/v2\/media?parent=9577"}],"wp:term":[{"taxonomy":"product_cat","embeddable":true,"href":"https:\/\/marneantic.com\/index.php\/wp-json\/wp\/v2\/product_cat?post=9577"},{"taxonomy":"product_tag","embeddable":true,"href":"https:\/\/marneantic.com\/index.php\/wp-json\/wp\/v2\/product_tag?post=9577"}],"curies":[{"name":"wp","href":"https:\/\/api.w.org\/{rel}","templated":true}]}}