{"id":9587,"date":"2019-09-24T15:57:46","date_gmt":"2019-09-24T14:57:46","guid":{"rendered":"https:\/\/marneantic.com\/?post_type=product&#038;p=9587"},"modified":"2019-11-29T14:07:24","modified_gmt":"2019-11-29T13:07:24","slug":"telephone-vintage-a-cadran-contempra-couleur-marron","status":"publish","type":"product","link":"https:\/\/marneantic.com\/index.php\/produit\/telephone-vintage-a-cadran-contempra-couleur-marron\/","title":{"rendered":"T\u00e9l\u00e9phone vintage a cadran Contempra couleur marron"},"content":{"rendered":"","protected":false},"excerpt":{"rendered":"<p>T\u00e9l\u00e9phone vintage a cadran Contempra couleur marron en bon \u00e9tat,fonctionne,ann\u00e9e 1981,dimensions:23x14cm,peut \u00eatre install\u00e9 en position murale<\/p>\n","protected":false},"featured_media":9591,"comment_status":"open","ping_status":"closed","template":"","meta":{"_et_pb_use_builder":"","_et_pb_old_content":"","_et_gb_content_width":""},"product_cat":[16],"product_tag":[],"_links":{"self":[{"href":"https:\/\/marneantic.com\/index.php\/wp-json\/wp\/v2\/product\/9587"}],"collection":[{"href":"https:\/\/marneantic.com\/index.php\/wp-json\/wp\/v2\/product"}],"about":[{"href":"https:\/\/marneantic.com\/index.php\/wp-json\/wp\/v2\/types\/product"}],"replies":[{"embeddable":true,"href":"https:\/\/marneantic.com\/index.php\/wp-json\/wp\/v2\/comments?post=9587"}],"wp:featuredmedia":[{"embeddable":true,"href":"https:\/\/marneantic.com\/index.php\/wp-json\/wp\/v2\/media\/9591"}],"wp:attachment":[{"href":"https:\/\/marneantic.com\/index.php\/wp-json\/wp\/v2\/media?parent=9587"}],"wp:term":[{"taxonomy":"product_cat","embeddable":true,"href":"https:\/\/marneantic.com\/index.php\/wp-json\/wp\/v2\/product_cat?post=9587"},{"taxonomy":"product_tag","embeddable":true,"href":"https:\/\/marneantic.com\/index.php\/wp-json\/wp\/v2\/product_tag?post=9587"}],"curies":[{"name":"wp","href":"https:\/\/api.w.org\/{rel}","templated":true}]}}