{"id":9643,"date":"2019-10-01T15:18:26","date_gmt":"2019-10-01T14:18:26","guid":{"rendered":"https:\/\/marneantic.com\/?post_type=product&#038;p=9643"},"modified":"2019-10-01T15:22:52","modified_gmt":"2019-10-01T14:22:52","slug":"boite-tole-publicitaire-ancienne-banania-5","status":"publish","type":"product","link":"https:\/\/marneantic.com\/index.php\/produit\/boite-tole-publicitaire-ancienne-banania-5\/","title":{"rendered":"Boite t\u00f4le publicitaire ancienne BANANIA"},"content":{"rendered":"","protected":false},"excerpt":{"rendered":"<p>Boite en t\u00f4le publicitaire ancienne BANANIA,p\u00e2tes;en bon \u00e9tat(petites pointes d&rsquo;oxydation),hauteur:17.5cm,cot\u00e9s:9.5&#215;9.5cm<\/p>\n","protected":false},"featured_media":9647,"comment_status":"closed","ping_status":"closed","template":"","meta":{"_et_pb_use_builder":"","_et_pb_old_content":"","_et_gb_content_width":""},"product_cat":[15],"product_tag":[],"_links":{"self":[{"href":"https:\/\/marneantic.com\/index.php\/wp-json\/wp\/v2\/product\/9643"}],"collection":[{"href":"https:\/\/marneantic.com\/index.php\/wp-json\/wp\/v2\/product"}],"about":[{"href":"https:\/\/marneantic.com\/index.php\/wp-json\/wp\/v2\/types\/product"}],"replies":[{"embeddable":true,"href":"https:\/\/marneantic.com\/index.php\/wp-json\/wp\/v2\/comments?post=9643"}],"wp:featuredmedia":[{"embeddable":true,"href":"https:\/\/marneantic.com\/index.php\/wp-json\/wp\/v2\/media\/9647"}],"wp:attachment":[{"href":"https:\/\/marneantic.com\/index.php\/wp-json\/wp\/v2\/media?parent=9643"}],"wp:term":[{"taxonomy":"product_cat","embeddable":true,"href":"https:\/\/marneantic.com\/index.php\/wp-json\/wp\/v2\/product_cat?post=9643"},{"taxonomy":"product_tag","embeddable":true,"href":"https:\/\/marneantic.com\/index.php\/wp-json\/wp\/v2\/product_tag?post=9643"}],"curies":[{"name":"wp","href":"https:\/\/api.w.org\/{rel}","templated":true}]}}