{"id":9703,"date":"2019-10-07T14:57:33","date_gmt":"2019-10-07T13:57:33","guid":{"rendered":"https:\/\/marneantic.com\/?post_type=product&#038;p=9703"},"modified":"2019-10-07T15:03:21","modified_gmt":"2019-10-07T14:03:21","slug":"rond-de-serviette-ancien-en-metal-argenteprenom-patrice","status":"publish","type":"product","link":"https:\/\/marneantic.com\/index.php\/produit\/rond-de-serviette-ancien-en-metal-argenteprenom-patrice\/","title":{"rendered":"Rond de serviette ancien en m\u00e9tal argent\u00e9,pr\u00e9nom PATRICE"},"content":{"rendered":"","protected":false},"excerpt":{"rendered":"<p>Rond de serviette ancien en m\u00e9tal argent\u00e9 poin\u00e7onn\u00e9,grav\u00e9 pr\u00e9nom\u00a0\u00bbPatrice\u00a0\u00bbd\u00e9cor poussins sortant de l\u2019\u0153uf,en tr\u00e8s bon \u00e9tat,diametre:5cm,hauteur:3cm<\/p>\n","protected":false},"featured_media":9705,"comment_status":"closed","ping_status":"closed","template":"","meta":{"_et_pb_use_builder":"","_et_pb_old_content":"","_et_gb_content_width":""},"product_cat":[13,12,10],"product_tag":[],"_links":{"self":[{"href":"https:\/\/marneantic.com\/index.php\/wp-json\/wp\/v2\/product\/9703"}],"collection":[{"href":"https:\/\/marneantic.com\/index.php\/wp-json\/wp\/v2\/product"}],"about":[{"href":"https:\/\/marneantic.com\/index.php\/wp-json\/wp\/v2\/types\/product"}],"replies":[{"embeddable":true,"href":"https:\/\/marneantic.com\/index.php\/wp-json\/wp\/v2\/comments?post=9703"}],"wp:featuredmedia":[{"embeddable":true,"href":"https:\/\/marneantic.com\/index.php\/wp-json\/wp\/v2\/media\/9705"}],"wp:attachment":[{"href":"https:\/\/marneantic.com\/index.php\/wp-json\/wp\/v2\/media?parent=9703"}],"wp:term":[{"taxonomy":"product_cat","embeddable":true,"href":"https:\/\/marneantic.com\/index.php\/wp-json\/wp\/v2\/product_cat?post=9703"},{"taxonomy":"product_tag","embeddable":true,"href":"https:\/\/marneantic.com\/index.php\/wp-json\/wp\/v2\/product_tag?post=9703"}],"curies":[{"name":"wp","href":"https:\/\/api.w.org\/{rel}","templated":true}]}}