{"id":9728,"date":"2019-10-08T15:20:46","date_gmt":"2019-10-08T14:20:46","guid":{"rendered":"https:\/\/marneantic.com\/?post_type=product&#038;p=9728"},"modified":"2021-02-04T17:40:52","modified_gmt":"2021-02-04T16:40:52","slug":"beurrier-cornemuse-ancien-en-faience-de-quimper-hb","status":"publish","type":"product","link":"https:\/\/marneantic.com\/index.php\/produit\/beurrier-cornemuse-ancien-en-faience-de-quimper-hb\/","title":{"rendered":"Beurrier cornemuse ancien en fa\u00efence de Quimper HB"},"content":{"rendered":"","protected":false},"excerpt":{"rendered":"<p>Beurrier cornemuse ancien en fa\u00efence de Quimper HB,en tr\u00e8s bon \u00e9tat,longueur:18.5cm,largeur:13cm,hauteur:4cm<\/p>\n","protected":false},"featured_media":9731,"comment_status":"open","ping_status":"closed","template":"","meta":{"_et_pb_use_builder":"","_et_pb_old_content":"","_et_gb_content_width":""},"product_cat":[13,10,28,7],"product_tag":[],"_links":{"self":[{"href":"https:\/\/marneantic.com\/index.php\/wp-json\/wp\/v2\/product\/9728"}],"collection":[{"href":"https:\/\/marneantic.com\/index.php\/wp-json\/wp\/v2\/product"}],"about":[{"href":"https:\/\/marneantic.com\/index.php\/wp-json\/wp\/v2\/types\/product"}],"replies":[{"embeddable":true,"href":"https:\/\/marneantic.com\/index.php\/wp-json\/wp\/v2\/comments?post=9728"}],"wp:featuredmedia":[{"embeddable":true,"href":"https:\/\/marneantic.com\/index.php\/wp-json\/wp\/v2\/media\/9731"}],"wp:attachment":[{"href":"https:\/\/marneantic.com\/index.php\/wp-json\/wp\/v2\/media?parent=9728"}],"wp:term":[{"taxonomy":"product_cat","embeddable":true,"href":"https:\/\/marneantic.com\/index.php\/wp-json\/wp\/v2\/product_cat?post=9728"},{"taxonomy":"product_tag","embeddable":true,"href":"https:\/\/marneantic.com\/index.php\/wp-json\/wp\/v2\/product_tag?post=9728"}],"curies":[{"name":"wp","href":"https:\/\/api.w.org\/{rel}","templated":true}]}}