{"id":9732,"date":"2019-10-08T15:36:43","date_gmt":"2019-10-08T14:36:43","guid":{"rendered":"https:\/\/marneantic.com\/?post_type=product&#038;p=9732"},"modified":"2019-10-08T15:36:43","modified_gmt":"2019-10-08T14:36:43","slug":"coupelle-vintage-en-faience-forme-dhuitre","status":"publish","type":"product","link":"https:\/\/marneantic.com\/index.php\/produit\/coupelle-vintage-en-faience-forme-dhuitre\/","title":{"rendered":"Coupelle vintage en fa\u00efence forme d\u2019hu\u00eetre"},"content":{"rendered":"","protected":false},"excerpt":{"rendered":"<p>Coupelle vintage en fa\u00efence forme d\u2019hu\u00eetre en tr\u00e8s bon \u00e9tat,longueur:18cm,largeur:12cm,hauteur:3.5cm<\/p>\n","protected":false},"featured_media":9734,"comment_status":"open","ping_status":"closed","template":"","meta":{"_et_pb_use_builder":"","_et_pb_old_content":"","_et_gb_content_width":""},"product_cat":[13,10,16],"product_tag":[],"_links":{"self":[{"href":"https:\/\/marneantic.com\/index.php\/wp-json\/wp\/v2\/product\/9732"}],"collection":[{"href":"https:\/\/marneantic.com\/index.php\/wp-json\/wp\/v2\/product"}],"about":[{"href":"https:\/\/marneantic.com\/index.php\/wp-json\/wp\/v2\/types\/product"}],"replies":[{"embeddable":true,"href":"https:\/\/marneantic.com\/index.php\/wp-json\/wp\/v2\/comments?post=9732"}],"wp:featuredmedia":[{"embeddable":true,"href":"https:\/\/marneantic.com\/index.php\/wp-json\/wp\/v2\/media\/9734"}],"wp:attachment":[{"href":"https:\/\/marneantic.com\/index.php\/wp-json\/wp\/v2\/media?parent=9732"}],"wp:term":[{"taxonomy":"product_cat","embeddable":true,"href":"https:\/\/marneantic.com\/index.php\/wp-json\/wp\/v2\/product_cat?post=9732"},{"taxonomy":"product_tag","embeddable":true,"href":"https:\/\/marneantic.com\/index.php\/wp-json\/wp\/v2\/product_tag?post=9732"}],"curies":[{"name":"wp","href":"https:\/\/api.w.org\/{rel}","templated":true}]}}