{"id":9747,"date":"2019-10-08T17:27:23","date_gmt":"2019-10-08T16:27:23","guid":{"rendered":"https:\/\/marneantic.com\/?post_type=product&#038;p=9747"},"modified":"2019-10-08T17:36:32","modified_gmt":"2019-10-08T16:36:32","slug":"plat-art-deco-ancien-en-faience-de-sarregueminesmodele-raincy","status":"publish","type":"product","link":"https:\/\/marneantic.com\/index.php\/produit\/plat-art-deco-ancien-en-faience-de-sarregueminesmodele-raincy\/","title":{"rendered":"Plat art-d\u00e9co ancien en fa\u00efence de Sarreguemines,mod\u00e8le Raincy"},"content":{"rendered":"","protected":false},"excerpt":{"rendered":"<p>Plat semi creux art-d\u00e9co ancien en fa\u00efence de Sarreguemines,mod\u00e8le Raincy,en bon \u00e9tat,diametre:31.5cm,hauteur:3.5cm<\/p>\n","protected":false},"featured_media":9751,"comment_status":"closed","ping_status":"closed","template":"","meta":{"_et_pb_use_builder":"","_et_pb_old_content":"","_et_gb_content_width":""},"product_cat":[44,28,7],"product_tag":[],"_links":{"self":[{"href":"https:\/\/marneantic.com\/index.php\/wp-json\/wp\/v2\/product\/9747"}],"collection":[{"href":"https:\/\/marneantic.com\/index.php\/wp-json\/wp\/v2\/product"}],"about":[{"href":"https:\/\/marneantic.com\/index.php\/wp-json\/wp\/v2\/types\/product"}],"replies":[{"embeddable":true,"href":"https:\/\/marneantic.com\/index.php\/wp-json\/wp\/v2\/comments?post=9747"}],"wp:featuredmedia":[{"embeddable":true,"href":"https:\/\/marneantic.com\/index.php\/wp-json\/wp\/v2\/media\/9751"}],"wp:attachment":[{"href":"https:\/\/marneantic.com\/index.php\/wp-json\/wp\/v2\/media?parent=9747"}],"wp:term":[{"taxonomy":"product_cat","embeddable":true,"href":"https:\/\/marneantic.com\/index.php\/wp-json\/wp\/v2\/product_cat?post=9747"},{"taxonomy":"product_tag","embeddable":true,"href":"https:\/\/marneantic.com\/index.php\/wp-json\/wp\/v2\/product_tag?post=9747"}],"curies":[{"name":"wp","href":"https:\/\/api.w.org\/{rel}","templated":true}]}}