{"id":9756,"date":"2019-10-09T10:38:09","date_gmt":"2019-10-09T09:38:09","guid":{"rendered":"https:\/\/marneantic.com\/?post_type=product&#038;p=9756"},"modified":"2019-10-09T10:44:36","modified_gmt":"2019-10-09T09:44:36","slug":"tasse-a-cafe-ancienne-en-porcelaine-de-vierzonhache-2","status":"publish","type":"product","link":"https:\/\/marneantic.com\/index.php\/produit\/tasse-a-cafe-ancienne-en-porcelaine-de-vierzonhache-2\/","title":{"rendered":"Tasse a caf\u00e9 ancienne en porcelaine de Vierzon,Hache"},"content":{"rendered":"","protected":false},"excerpt":{"rendered":"<p>Tasse a caf\u00e9 ancienne en porcelaine de Vierzon,A.Hache&amp;cie,en bon \u00e9tat,d\u00e9cor floral,tasse hauteur:6.4cm,diametre:6.5cm,diam\u00e8tre soucoupe:12.8cm<\/p>\n","protected":false},"featured_media":9759,"comment_status":"closed","ping_status":"closed","template":"","meta":{"_et_pb_use_builder":"","_et_pb_old_content":"","_et_gb_content_width":""},"product_cat":[26,7],"product_tag":[],"_links":{"self":[{"href":"https:\/\/marneantic.com\/index.php\/wp-json\/wp\/v2\/product\/9756"}],"collection":[{"href":"https:\/\/marneantic.com\/index.php\/wp-json\/wp\/v2\/product"}],"about":[{"href":"https:\/\/marneantic.com\/index.php\/wp-json\/wp\/v2\/types\/product"}],"replies":[{"embeddable":true,"href":"https:\/\/marneantic.com\/index.php\/wp-json\/wp\/v2\/comments?post=9756"}],"wp:featuredmedia":[{"embeddable":true,"href":"https:\/\/marneantic.com\/index.php\/wp-json\/wp\/v2\/media\/9759"}],"wp:attachment":[{"href":"https:\/\/marneantic.com\/index.php\/wp-json\/wp\/v2\/media?parent=9756"}],"wp:term":[{"taxonomy":"product_cat","embeddable":true,"href":"https:\/\/marneantic.com\/index.php\/wp-json\/wp\/v2\/product_cat?post=9756"},{"taxonomy":"product_tag","embeddable":true,"href":"https:\/\/marneantic.com\/index.php\/wp-json\/wp\/v2\/product_tag?post=9756"}],"curies":[{"name":"wp","href":"https:\/\/api.w.org\/{rel}","templated":true}]}}