{"id":9780,"date":"2019-10-10T14:19:51","date_gmt":"2019-10-10T13:19:51","guid":{"rendered":"https:\/\/marneantic.com\/?post_type=product&#038;p=9780"},"modified":"2021-05-14T14:18:06","modified_gmt":"2021-05-14T13:18:06","slug":"coupelle-vintage-en-faience-forme-de-moule","status":"publish","type":"product","link":"https:\/\/marneantic.com\/index.php\/produit\/coupelle-vintage-en-faience-forme-de-moule\/","title":{"rendered":"Coupelle vintage en fa\u00efence forme de moule"},"content":{"rendered":"","protected":false},"excerpt":{"rendered":"<p>Coupelle vintage en fa\u00efence forme de moule en tr\u00e8s bon \u00e9tat,longueur:17.5cm,largeur:7.2cm,hauteur:2cm<\/p>\n","protected":false},"featured_media":9783,"comment_status":"open","ping_status":"closed","template":"","meta":{"_et_pb_use_builder":"","_et_pb_old_content":"","_et_gb_content_width":""},"product_cat":[13,10,16],"product_tag":[],"_links":{"self":[{"href":"https:\/\/marneantic.com\/index.php\/wp-json\/wp\/v2\/product\/9780"}],"collection":[{"href":"https:\/\/marneantic.com\/index.php\/wp-json\/wp\/v2\/product"}],"about":[{"href":"https:\/\/marneantic.com\/index.php\/wp-json\/wp\/v2\/types\/product"}],"replies":[{"embeddable":true,"href":"https:\/\/marneantic.com\/index.php\/wp-json\/wp\/v2\/comments?post=9780"}],"wp:featuredmedia":[{"embeddable":true,"href":"https:\/\/marneantic.com\/index.php\/wp-json\/wp\/v2\/media\/9783"}],"wp:attachment":[{"href":"https:\/\/marneantic.com\/index.php\/wp-json\/wp\/v2\/media?parent=9780"}],"wp:term":[{"taxonomy":"product_cat","embeddable":true,"href":"https:\/\/marneantic.com\/index.php\/wp-json\/wp\/v2\/product_cat?post=9780"},{"taxonomy":"product_tag","embeddable":true,"href":"https:\/\/marneantic.com\/index.php\/wp-json\/wp\/v2\/product_tag?post=9780"}],"curies":[{"name":"wp","href":"https:\/\/api.w.org\/{rel}","templated":true}]}}