{"id":9784,"date":"2019-10-10T14:25:03","date_gmt":"2019-10-10T13:25:03","guid":{"rendered":"https:\/\/marneantic.com\/?post_type=product&#038;p=9784"},"modified":"2019-10-10T14:35:57","modified_gmt":"2019-10-10T13:35:57","slug":"grande-coupe-vintage-annees-60-en-faience","status":"publish","type":"product","link":"https:\/\/marneantic.com\/index.php\/produit\/grande-coupe-vintage-annees-60-en-faience\/","title":{"rendered":"Grande coupe vintage ann\u00e9es 60&prime; en fa\u00efence"},"content":{"rendered":"","protected":false},"excerpt":{"rendered":"<p>Grande coupe vintage ann\u00e9es 60&prime; en fa\u00efence\u00a0en tr\u00e8s bon \u00e9tat,longueur:62.5cm,largeur:25cm,hauteur:15cm<\/p>\n","protected":false},"featured_media":9786,"comment_status":"open","ping_status":"closed","template":"","meta":{"_et_pb_use_builder":"","_et_pb_old_content":"","_et_gb_content_width":""},"product_cat":[13,10,16],"product_tag":[],"_links":{"self":[{"href":"https:\/\/marneantic.com\/index.php\/wp-json\/wp\/v2\/product\/9784"}],"collection":[{"href":"https:\/\/marneantic.com\/index.php\/wp-json\/wp\/v2\/product"}],"about":[{"href":"https:\/\/marneantic.com\/index.php\/wp-json\/wp\/v2\/types\/product"}],"replies":[{"embeddable":true,"href":"https:\/\/marneantic.com\/index.php\/wp-json\/wp\/v2\/comments?post=9784"}],"wp:featuredmedia":[{"embeddable":true,"href":"https:\/\/marneantic.com\/index.php\/wp-json\/wp\/v2\/media\/9786"}],"wp:attachment":[{"href":"https:\/\/marneantic.com\/index.php\/wp-json\/wp\/v2\/media?parent=9784"}],"wp:term":[{"taxonomy":"product_cat","embeddable":true,"href":"https:\/\/marneantic.com\/index.php\/wp-json\/wp\/v2\/product_cat?post=9784"},{"taxonomy":"product_tag","embeddable":true,"href":"https:\/\/marneantic.com\/index.php\/wp-json\/wp\/v2\/product_tag?post=9784"}],"curies":[{"name":"wp","href":"https:\/\/api.w.org\/{rel}","templated":true}]}}