{"id":979,"date":"2016-03-18T18:29:29","date_gmt":"2016-03-18T17:29:29","guid":{"rendered":"http:\/\/marneantic.com\/?post_type=product&#038;p=979"},"modified":"2016-03-18T18:29:29","modified_gmt":"2016-03-18T17:29:29","slug":"vase-ancien-en-porcelaine-de-limoges-emaille","status":"publish","type":"product","link":"https:\/\/marneantic.com\/index.php\/produit\/vase-ancien-en-porcelaine-de-limoges-emaille\/","title":{"rendered":"Vase ancien en porcelaine de Limoges \u00e9maill\u00e9"},"content":{"rendered":"","protected":false},"excerpt":{"rendered":"<p>Vase ancien en Limoges , d\u00e9cor floral peint et \u00e9maill\u00e9 d&rsquo;or<\/p>\n","protected":false},"featured_media":981,"comment_status":"closed","ping_status":"closed","template":"","meta":{"_et_pb_use_builder":"","_et_pb_old_content":"","_et_gb_content_width":""},"product_cat":[14,8],"product_tag":[],"_links":{"self":[{"href":"https:\/\/marneantic.com\/index.php\/wp-json\/wp\/v2\/product\/979"}],"collection":[{"href":"https:\/\/marneantic.com\/index.php\/wp-json\/wp\/v2\/product"}],"about":[{"href":"https:\/\/marneantic.com\/index.php\/wp-json\/wp\/v2\/types\/product"}],"replies":[{"embeddable":true,"href":"https:\/\/marneantic.com\/index.php\/wp-json\/wp\/v2\/comments?post=979"}],"wp:featuredmedia":[{"embeddable":true,"href":"https:\/\/marneantic.com\/index.php\/wp-json\/wp\/v2\/media\/981"}],"wp:attachment":[{"href":"https:\/\/marneantic.com\/index.php\/wp-json\/wp\/v2\/media?parent=979"}],"wp:term":[{"taxonomy":"product_cat","embeddable":true,"href":"https:\/\/marneantic.com\/index.php\/wp-json\/wp\/v2\/product_cat?post=979"},{"taxonomy":"product_tag","embeddable":true,"href":"https:\/\/marneantic.com\/index.php\/wp-json\/wp\/v2\/product_tag?post=979"}],"curies":[{"name":"wp","href":"https:\/\/api.w.org\/{rel}","templated":true}]}}