{"id":991,"date":"2016-03-19T16:19:24","date_gmt":"2016-03-19T15:19:24","guid":{"rendered":"http:\/\/marneantic.com\/?post_type=product&#038;p=991"},"modified":"2016-03-22T15:42:41","modified_gmt":"2016-03-22T14:42:41","slug":"coupe-papierloupe-lancel","status":"publish","type":"product","link":"https:\/\/marneantic.com\/index.php\/produit\/coupe-papierloupe-lancel\/","title":{"rendered":"Coupe papier\/loupe LANCEL"},"content":{"rendered":"","protected":false},"excerpt":{"rendered":"<p>Coupe papier\/loupe LANCEL,mod\u00e8le contemporain,en laiton et \u00e9tui cuir,en tr\u00e8s bon \u00e9tat<\/p>\n","protected":false},"featured_media":992,"comment_status":"closed","ping_status":"closed","template":"","meta":{"_et_pb_use_builder":"","_et_pb_old_content":"","_et_gb_content_width":""},"product_cat":[14],"product_tag":[],"_links":{"self":[{"href":"https:\/\/marneantic.com\/index.php\/wp-json\/wp\/v2\/product\/991"}],"collection":[{"href":"https:\/\/marneantic.com\/index.php\/wp-json\/wp\/v2\/product"}],"about":[{"href":"https:\/\/marneantic.com\/index.php\/wp-json\/wp\/v2\/types\/product"}],"replies":[{"embeddable":true,"href":"https:\/\/marneantic.com\/index.php\/wp-json\/wp\/v2\/comments?post=991"}],"wp:featuredmedia":[{"embeddable":true,"href":"https:\/\/marneantic.com\/index.php\/wp-json\/wp\/v2\/media\/992"}],"wp:attachment":[{"href":"https:\/\/marneantic.com\/index.php\/wp-json\/wp\/v2\/media?parent=991"}],"wp:term":[{"taxonomy":"product_cat","embeddable":true,"href":"https:\/\/marneantic.com\/index.php\/wp-json\/wp\/v2\/product_cat?post=991"},{"taxonomy":"product_tag","embeddable":true,"href":"https:\/\/marneantic.com\/index.php\/wp-json\/wp\/v2\/product_tag?post=991"}],"curies":[{"name":"wp","href":"https:\/\/api.w.org\/{rel}","templated":true}]}}