{"id":9934,"date":"2019-10-27T14:54:48","date_gmt":"2019-10-27T13:54:48","guid":{"rendered":"https:\/\/marneantic.com\/?post_type=product&#038;p=9934"},"modified":"2025-05-10T16:05:00","modified_gmt":"2025-05-10T15:05:00","slug":"verre-a-liqueur-ancien-en-cristal-cisele-3","status":"publish","type":"product","link":"https:\/\/marneantic.com\/index.php\/produit\/verre-a-liqueur-ancien-en-cristal-cisele-3\/","title":{"rendered":"Verre \u00e0 liqueur ancien en cristal cisel\u00e9"},"content":{"rendered":"","protected":false},"excerpt":{"rendered":"<p>Verre \u00e0 liqueur ancien en cristal cisel\u00e9 fin 19eme,en tr\u00e8s bon \u00e9tat,hauteur:8.4cm,diam\u00e8tre du buvant:3.7cm,diam\u00e8tre du pied:4cm<\/p>\n","protected":false},"featured_media":9936,"comment_status":"closed","ping_status":"closed","template":"","meta":{"_et_pb_use_builder":"","_et_pb_old_content":"","_et_gb_content_width":""},"product_cat":[10,11],"product_tag":[],"_links":{"self":[{"href":"https:\/\/marneantic.com\/index.php\/wp-json\/wp\/v2\/product\/9934"}],"collection":[{"href":"https:\/\/marneantic.com\/index.php\/wp-json\/wp\/v2\/product"}],"about":[{"href":"https:\/\/marneantic.com\/index.php\/wp-json\/wp\/v2\/types\/product"}],"replies":[{"embeddable":true,"href":"https:\/\/marneantic.com\/index.php\/wp-json\/wp\/v2\/comments?post=9934"}],"wp:featuredmedia":[{"embeddable":true,"href":"https:\/\/marneantic.com\/index.php\/wp-json\/wp\/v2\/media\/9936"}],"wp:attachment":[{"href":"https:\/\/marneantic.com\/index.php\/wp-json\/wp\/v2\/media?parent=9934"}],"wp:term":[{"taxonomy":"product_cat","embeddable":true,"href":"https:\/\/marneantic.com\/index.php\/wp-json\/wp\/v2\/product_cat?post=9934"},{"taxonomy":"product_tag","embeddable":true,"href":"https:\/\/marneantic.com\/index.php\/wp-json\/wp\/v2\/product_tag?post=9934"}],"curies":[{"name":"wp","href":"https:\/\/api.w.org\/{rel}","templated":true}]}}