{"id":9969,"date":"2019-10-29T16:15:03","date_gmt":"2019-10-29T15:15:03","guid":{"rendered":"https:\/\/marneantic.com\/?post_type=product&#038;p=9969"},"modified":"2019-11-27T18:40:35","modified_gmt":"2019-11-27T17:40:35","slug":"plateau-vintage-en-tole-annees-60-2","status":"publish","type":"product","link":"https:\/\/marneantic.com\/index.php\/produit\/plateau-vintage-en-tole-annees-60-2\/","title":{"rendered":"Plateau vintage en t\u00f4le ann\u00e9es 60&prime;"},"content":{"rendered":"","protected":false},"excerpt":{"rendered":"<p>Plateau vintage en t\u00f4le,d\u00e9cor ann\u00e9es 60&prime; en bon \u00e9tat,trace d&rsquo;oxydation(voir photo)dimensions:44.5x32cm<\/p>\n","protected":false},"featured_media":9972,"comment_status":"open","ping_status":"closed","template":"","meta":{"_et_pb_use_builder":"","_et_pb_old_content":"","_et_gb_content_width":""},"product_cat":[13,10,16],"product_tag":[],"_links":{"self":[{"href":"https:\/\/marneantic.com\/index.php\/wp-json\/wp\/v2\/product\/9969"}],"collection":[{"href":"https:\/\/marneantic.com\/index.php\/wp-json\/wp\/v2\/product"}],"about":[{"href":"https:\/\/marneantic.com\/index.php\/wp-json\/wp\/v2\/types\/product"}],"replies":[{"embeddable":true,"href":"https:\/\/marneantic.com\/index.php\/wp-json\/wp\/v2\/comments?post=9969"}],"wp:featuredmedia":[{"embeddable":true,"href":"https:\/\/marneantic.com\/index.php\/wp-json\/wp\/v2\/media\/9972"}],"wp:attachment":[{"href":"https:\/\/marneantic.com\/index.php\/wp-json\/wp\/v2\/media?parent=9969"}],"wp:term":[{"taxonomy":"product_cat","embeddable":true,"href":"https:\/\/marneantic.com\/index.php\/wp-json\/wp\/v2\/product_cat?post=9969"},{"taxonomy":"product_tag","embeddable":true,"href":"https:\/\/marneantic.com\/index.php\/wp-json\/wp\/v2\/product_tag?post=9969"}],"curies":[{"name":"wp","href":"https:\/\/api.w.org\/{rel}","templated":true}]}}