{"id":9978,"date":"2019-10-30T13:37:47","date_gmt":"2019-10-30T12:37:47","guid":{"rendered":"https:\/\/marneantic.com\/?post_type=product&#038;p=9978"},"modified":"2019-10-30T13:37:47","modified_gmt":"2019-10-30T12:37:47","slug":"vase-tube-ancien-en-emaux-cloisonnes","status":"publish","type":"product","link":"https:\/\/marneantic.com\/index.php\/produit\/vase-tube-ancien-en-emaux-cloisonnes\/","title":{"rendered":"Vase tube ancien en \u00e9maux Cloisonn\u00e9s"},"content":{"rendered":"","protected":false},"excerpt":{"rendered":"<p><span style=\"font-family: Arial;\">Vase tube ancien en \u00e9maux Cloisonn\u00e9s,d\u00e9cor floral et papillons,en tr\u00e8s\u00a0bon \u00e9tat,<\/span><span style=\"font-family: Arial;\">hauteur:18.5cm,<\/span><span style=\"font-family: Arial;\">diametre:9.8cm<\/span><\/p>\n","protected":false},"featured_media":9982,"comment_status":"open","ping_status":"closed","template":"","meta":{"_et_pb_use_builder":"","_et_pb_old_content":"","_et_gb_content_width":""},"product_cat":[14,8],"product_tag":[],"_links":{"self":[{"href":"https:\/\/marneantic.com\/index.php\/wp-json\/wp\/v2\/product\/9978"}],"collection":[{"href":"https:\/\/marneantic.com\/index.php\/wp-json\/wp\/v2\/product"}],"about":[{"href":"https:\/\/marneantic.com\/index.php\/wp-json\/wp\/v2\/types\/product"}],"replies":[{"embeddable":true,"href":"https:\/\/marneantic.com\/index.php\/wp-json\/wp\/v2\/comments?post=9978"}],"wp:featuredmedia":[{"embeddable":true,"href":"https:\/\/marneantic.com\/index.php\/wp-json\/wp\/v2\/media\/9982"}],"wp:attachment":[{"href":"https:\/\/marneantic.com\/index.php\/wp-json\/wp\/v2\/media?parent=9978"}],"wp:term":[{"taxonomy":"product_cat","embeddable":true,"href":"https:\/\/marneantic.com\/index.php\/wp-json\/wp\/v2\/product_cat?post=9978"},{"taxonomy":"product_tag","embeddable":true,"href":"https:\/\/marneantic.com\/index.php\/wp-json\/wp\/v2\/product_tag?post=9978"}],"curies":[{"name":"wp","href":"https:\/\/api.w.org\/{rel}","templated":true}]}}